{"id":2715,"date":"2019-07-26T18:00:10","date_gmt":"2019-07-26T18:00:10","guid":{"rendered":"https:\/\/viral.nkey.it\/video\/"},"modified":"2022-04-20T09:48:57","modified_gmt":"2022-04-20T09:48:57","slug":"video","status":"publish","type":"page","link":"https:\/\/viral.nkey.it\/el\/video\/","title":{"rendered":"VR Video"},"content":{"rendered":"<p>[vc_row][vc_column][vc_column_text]<\/p>\n<h1 style=\"text-align: center;\">VR VIDEO GALLERY<\/h1>\n<p style=\"text-align: center;\">Choose the video you want to see here below.<br \/>\nWe suggest to use a smartphone with gyroscope.<br \/>\nWear a VR Viewer for greater immersivity.<\/p>\n<p>[\/vc_column_text][vc_column_text]<\/p>\n<p style=\"text-align: center;\"><a href=\"https:\/\/www.youtube.com\/channel\/UCF0osQ70Ch7gNCDCmDkjuKg\/playlists\">Click here to find others VR Video on YouTube.<\/a><\/p>\n<p>[\/vc_column_text][\/vc_column][\/vc_row][vc_row][vc_column width=&#8221;1\/2&#8243;][vc_column_text]<\/p>\n<h3 style=\"text-align: center;\">04\/04\/2022<\/h3>\n<h3 style=\"text-align: center;\">&#8220;Riempire o ricomprare?&#8221;<\/h3>\n<h6 style=\"text-align: center;\">San Miniato &#8211; ITA<\/h6>\n<p>[\/vc_column_text][vc_single_image source=&#8221;external_link&#8221; alignment=&#8221;center&#8221; onclick=&#8221;custom_link&#8221; link=&#8221;https:\/\/viral.nkey.it\/vrtour\/marconi_acque\/index.htm&#8221; custom_src=&#8221;https:\/\/viral.nkey.it\/vrtour\/marconi_acque\/media\/thumbnail.png&#8221;][vc_column_text]<\/p>\n<p style=\"text-align: center;\">A discussion on the value of water made by the students of the ISIS G. Marconi within the PNSD project &#8220;<a href=\"https:\/\/viral.nkey.it\/lesperienza-di-viral-al-servizio-del-piano-nazionale-scuola-digitale-il-progetto-acque-sfide-dal-locale-al-globale\/\">Acque, sfide dal locale al globale<\/a>&#8220;<\/p>\n<p>[\/vc_column_text][\/vc_column][vc_column width=&#8221;1\/2&#8243;][\/vc_column][\/vc_row][vc_row][vc_column width=&#8221;1\/2&#8243;][vc_column_text]<\/p>\n<h3 style=\"text-align: center;\">18\/11\/2021<\/h3>\n<h3 style=\"text-align: center;\">Installing a wireless command<\/h3>\n<h6 style=\"text-align: center;\">Lisbon &#8211; ENG<\/h6>\n<p>[\/vc_column_text][vc_single_image source=&#8221;external_link&#8221; alignment=&#8221;center&#8221; onclick=&#8221;custom_link&#8221; link=&#8221;https:\/\/viral.nkey.it\/vrtour\/vr-gallery\/Lisbon\/installing_a_wireless_command_edited\/index.htm&#8221; custom_src=&#8221;https:\/\/viral.nkey.it\/vrtour\/vr-gallery\/Lisbon\/installing_a_wireless_command_edited\/thumbnail.png&#8221;][vc_column_text]<\/p>\n<p style=\"text-align: center;\">An example of a VET tutorial created at the <a href=\"https:\/\/skillman.eu\/sif2021\/\">SkillMan Iinternational Forum 2021<\/a> meeting<\/p>\n<p>[\/vc_column_text][\/vc_column][vc_column width=&#8221;1\/2&#8243;][vc_column_text]<\/p>\n<h3 style=\"text-align: center;\">18\/11\/2021<\/h3>\n<h3 style=\"text-align: center;\">A &#8220;problematic&#8221; visit<\/h3>\n<h6 style=\"text-align: center;\">Lisbon &#8211; ENG<\/h6>\n<p>[\/vc_column_text][vc_single_image source=&#8221;external_link&#8221; alignment=&#8221;center&#8221; onclick=&#8221;custom_link&#8221; link=&#8221;https:\/\/viral.nkey.it\/vrtour\/vr-gallery\/Lisbon\/museum_tour_guide_training_edited\/index.htm&#8221; custom_src=&#8221;https:\/\/viral.nkey.it\/vrtour\/vr-gallery\/Lisbon\/museum_tour_guide_training_edited\/thumbnail.png&#8221;][vc_column_text]<\/p>\n<p style=\"text-align: center;\">Another example of a VET tutorial created at the <a href=\"https:\/\/skillman.eu\/sif2021\/\">SkillMan Iinternational Forum 2021<\/a> meeting<\/p>\n<p>[\/vc_column_text][\/vc_column][\/vc_row][vc_row][vc_column width=&#8221;1\/2&#8243;][vc_column_text]<\/p>\n<h3 style=\"text-align: center;\">Biblioteca Comunale &#8220;Adrio Puccini&#8221; Tour<\/h3>\n<h6 style=\"text-align: center;\">Santa Croce sull&#8217;Arno (PI) &#8211; ITA<\/h6>\n<p>[\/vc_column_text][vc_single_image image=&#8221;1640&#8243; img_size=&#8221;full&#8221; alignment=&#8221;center&#8221; onclick=&#8221;custom_link&#8221; link=&#8221;https:\/\/viral.nkey.it\/vrtour\/scroce_library\/index.htm&#8221;][\/vc_column][vc_column width=&#8221;1\/2&#8243;][vc_column_text]<\/p>\n<h3 style=\"text-align: center;\">VR Experience LTT1 in Biblioteka Publiczna Wroc\u0142aw Przej\u015bcie \u015awidnickie<\/h3>\n<h6 style=\"text-align: center;\">Wroclaw (Poland) &#8211; ENG<\/h6>\n<p>[\/vc_column_text][vc_single_image image=&#8221;1644&#8243; img_size=&#8221;full&#8221; alignment=&#8221;center&#8221; onclick=&#8221;custom_link&#8221; link=&#8221;https:\/\/viral.nkey.it\/vrtour\/vr-in-wroclaw\/index.htm&#8221;][\/vc_column][\/vc_row][vc_row][vc_column width=&#8221;1\/2&#8243;][vc_column_text]<\/p>\n<h3 style=\"text-align: center;\">The Bus Ticket &#8211; Video made during LTT2<\/h3>\n<h6 style=\"text-align: center;\">San Miniato (PI) &#8211; ENG<\/h6>\n<p>[\/vc_column_text][vc_single_image image=&#8221;2724&#8243; img_size=&#8221;full&#8221; alignment=&#8221;center&#8221; onclick=&#8221;custom_link&#8221; link=&#8221;https:\/\/viral.nkey.it\/vrtour\/bus-ticket\/index.htm&#8221;][\/vc_column][vc_column width=&#8221;1\/2&#8243;][vc_column_text]<\/p>\n<h3 style=\"text-align: center;\">Visit San Miniato &#8211; Video made during LTT2<\/h3>\n<h6 style=\"text-align: center;\">San Miniato (PI) &#8211; ENG<\/h6>\n<p>[\/vc_column_text][vc_single_image image=&#8221;2725&#8243; img_size=&#8221;full&#8221; alignment=&#8221;center&#8221; onclick=&#8221;custom_link&#8221; link=&#8221;https:\/\/viral.nkey.it\/vrtour\/visit-sanminiato\/index.htm&#8221;][\/vc_column][\/vc_row][vc_row][vc_column width=&#8221;1\/2&#8243;][vc_column_text]<\/p>\n<h3 style=\"text-align: center;\">The Medical Center<\/h3>\n<h6 style=\"text-align: center;\">Santa Croce sull&#8217;Arno (PI) &#8211; ITA<\/h6>\n<p>[\/vc_column_text][vc_single_image image=&#8221;2716&#8243; img_size=&#8221;full&#8221; alignment=&#8221;center&#8221; onclick=&#8221;custom_link&#8221; link=&#8221;https:\/\/viral.nkey.it\/vrtour\/studio-visit\/index.htm&#8221;][vc_column_text]<\/p>\n<p style=\"text-align: center;\">Thanks to S.Croce sull&#8217;Arno Municipality and Pubblica Assistenza.<br \/>\nWe would like to explain that all those people are actors.<\/p>\n<p>[\/vc_column_text][\/vc_column][vc_column width=&#8221;1\/2&#8243;][vc_column_text]<\/p>\n<h3 style=\"text-align: center;\">Someone needs help in the waiting room<\/h3>\n<h6 style=\"text-align: center;\">Santa Croce sull&#8217;Arno (PI) &#8211; ITA<\/h6>\n<p>[\/vc_column_text][vc_single_image image=&#8221;2726&#8243; img_size=&#8221;full&#8221; alignment=&#8221;center&#8221; onclick=&#8221;custom_link&#8221; link=&#8221;https:\/\/www.omnivirt.com\/c\/44070&#8243;][vc_column_text]<\/p>\n<p style=\"text-align: center;\">We would like to explain that all those people are actors and none of them is racist.<\/p>\n<p>[\/vc_column_text][\/vc_column][\/vc_row][vc_row][vc_column width=&#8221;1\/2&#8243;][vc_column_text]<\/p>\n<h3 style=\"text-align: center;\">ECDL Simulation Test at Nkey<\/h3>\n<h6 style=\"text-align: center;\">Santa Croce sull&#8217;Arno (PI) &#8211; ITA<\/h6>\n<p>[\/vc_column_text][vc_single_image image=&#8221;1642&#8243; img_size=&#8221;full&#8221; alignment=&#8221;center&#8221; onclick=&#8221;custom_link&#8221; link=&#8221;https:\/\/www.youtube.com\/watch?v=c606QRjMfoA&#8221;][\/vc_column][vc_column width=&#8221;1\/2&#8243;][vc_column_text]<\/p>\n<h3 style=\"text-align: center;\">Racism episode in a waiting room<\/h3>\n<h6 style=\"text-align: center;\">Santa Croce sull&#8217;Arno (PI) &#8211; ITA<\/h6>\n<p>[\/vc_column_text][vc_single_image image=&#8221;2723&#8243; img_size=&#8221;full&#8221; alignment=&#8221;center&#8221; onclick=&#8221;custom_link&#8221; link=&#8221;https:\/\/youtu.be\/2ixsVCyn2Bw&#8221;][vc_column_text]<\/p>\n<p style=\"text-align: center;\">Thanks to S.Croce sull&#8217;Arno Municipality and Pubblica Assistenza.<br \/>\nWe would like to explain that all those people are actors and none of them is racist.<\/p>\n<p>[\/vc_column_text][\/vc_column][\/vc_row]<\/p>\n<div class=\"clearfix\"><\/div>","protected":false},"excerpt":{"rendered":"<p>[vc_row][vc_column][vc_column_text] VR VIDEO GALLERY Choose the video you want to see here below. We suggest to use a smartphone with gyroscope. Wear a VR Viewer for greater immersivity. [\/vc_column_text][vc_column_text] Click here to find others VR Video on YouTube. [\/vc_column_text][\/vc_column][\/vc_row][vc_row][vc_column width=&#8221;1\/2&#8243;][vc_column_text] 04\/04\/2022 &#8220;Riempire o ricomprare?&#8221; San&#8230;<\/p>\n","protected":false},"author":2,"featured_media":0,"parent":0,"menu_order":0,"comment_status":"closed","ping_status":"closed","template":"","meta":[],"yoast_head":"<!-- This site is optimized with the Yoast SEO plugin v18.9 - https:\/\/yoast.com\/wordpress\/plugins\/seo\/ -->\n<title>VR Video - Viral<\/title>\n<meta name=\"robots\" content=\"index, follow, max-snippet:-1, max-image-preview:large, max-video-preview:-1\" \/>\n<link rel=\"canonical\" href=\"https:\/\/viral.nkey.it\/el\/video\/\" \/>\n<meta property=\"og:locale\" content=\"el_GR\" \/>\n<meta property=\"og:type\" content=\"article\" \/>\n<meta property=\"og:title\" content=\"VR Video - Viral\" \/>\n<meta property=\"og:description\" content=\"[vc_row][vc_column][vc_column_text] VR VIDEO GALLERY Choose the video you want to see here below. We suggest to use a smartphone with gyroscope. Wear a VR Viewer for greater immersivity. [\/vc_column_text][vc_column_text] Click here to find others VR Video on YouTube. [\/vc_column_text][\/vc_column][\/vc_row][vc_row][vc_column width=&#8221;1\/2&#8243;][vc_column_text] 04\/04\/2022 &#8220;Riempire o ricomprare?&#8221; San...\" \/>\n<meta property=\"og:url\" content=\"https:\/\/viral.nkey.it\/el\/video\/\" \/>\n<meta property=\"og:site_name\" content=\"Viral\" \/>\n<meta property=\"article:modified_time\" content=\"2022-04-20T09:48:57+00:00\" \/>\n<meta name=\"twitter:card\" content=\"summary_large_image\" \/>\n<meta name=\"twitter:label1\" content=\"\u0395\u03ba\u03c4\u03b9\u03bc\u03ce\u03bc\u03b5\u03bd\u03bf\u03c2 \u03c7\u03c1\u03cc\u03bd\u03bf\u03c2 \u03b1\u03bd\u03ac\u03b3\u03bd\u03c9\u03c3\u03b7\u03c2\" \/>\n\t<meta name=\"twitter:data1\" content=\"4 \u03bb\u03b5\u03c0\u03c4\u03ac\" \/>\n<script type=\"application\/ld+json\" class=\"yoast-schema-graph\">{\"@context\":\"https:\/\/schema.org\",\"@graph\":[{\"@type\":\"WebSite\",\"@id\":\"https:\/\/viral.nkey.it\/#website\",\"url\":\"https:\/\/viral.nkey.it\/\",\"name\":\"Viral\",\"description\":\"for local communities\",\"potentialAction\":[{\"@type\":\"SearchAction\",\"target\":{\"@type\":\"EntryPoint\",\"urlTemplate\":\"https:\/\/viral.nkey.it\/?s={search_term_string}\"},\"query-input\":\"required name=search_term_string\"}],\"inLanguage\":\"el\"},{\"@type\":\"WebPage\",\"@id\":\"https:\/\/viral.nkey.it\/el\/video\/#webpage\",\"url\":\"https:\/\/viral.nkey.it\/el\/video\/\",\"name\":\"VR Video - Viral\",\"isPartOf\":{\"@id\":\"https:\/\/viral.nkey.it\/#website\"},\"datePublished\":\"2019-07-26T18:00:10+00:00\",\"dateModified\":\"2022-04-20T09:48:57+00:00\",\"breadcrumb\":{\"@id\":\"https:\/\/viral.nkey.it\/el\/video\/#breadcrumb\"},\"inLanguage\":\"el\",\"potentialAction\":[{\"@type\":\"ReadAction\",\"target\":[\"https:\/\/viral.nkey.it\/el\/video\/\"]}]},{\"@type\":\"BreadcrumbList\",\"@id\":\"https:\/\/viral.nkey.it\/el\/video\/#breadcrumb\",\"itemListElement\":[{\"@type\":\"ListItem\",\"position\":1,\"name\":\"Home\",\"item\":\"https:\/\/viral.nkey.it\/el\/\"},{\"@type\":\"ListItem\",\"position\":2,\"name\":\"VR Video\"}]}]}<\/script>\n<!-- \/ Yoast SEO plugin. -->","yoast_head_json":{"title":"VR Video - Viral","robots":{"index":"index","follow":"follow","max-snippet":"max-snippet:-1","max-image-preview":"max-image-preview:large","max-video-preview":"max-video-preview:-1"},"canonical":"https:\/\/viral.nkey.it\/el\/video\/","og_locale":"el_GR","og_type":"article","og_title":"VR Video - Viral","og_description":"[vc_row][vc_column][vc_column_text] VR VIDEO GALLERY Choose the video you want to see here below. We suggest to use a smartphone with gyroscope. Wear a VR Viewer for greater immersivity. [\/vc_column_text][vc_column_text] Click here to find others VR Video on YouTube. [\/vc_column_text][\/vc_column][\/vc_row][vc_row][vc_column width=&#8221;1\/2&#8243;][vc_column_text] 04\/04\/2022 &#8220;Riempire o ricomprare?&#8221; San...","og_url":"https:\/\/viral.nkey.it\/el\/video\/","og_site_name":"Viral","article_modified_time":"2022-04-20T09:48:57+00:00","twitter_card":"summary_large_image","twitter_misc":{"\u0395\u03ba\u03c4\u03b9\u03bc\u03ce\u03bc\u03b5\u03bd\u03bf\u03c2 \u03c7\u03c1\u03cc\u03bd\u03bf\u03c2 \u03b1\u03bd\u03ac\u03b3\u03bd\u03c9\u03c3\u03b7\u03c2":"4 \u03bb\u03b5\u03c0\u03c4\u03ac"},"schema":{"@context":"https:\/\/schema.org","@graph":[{"@type":"WebSite","@id":"https:\/\/viral.nkey.it\/#website","url":"https:\/\/viral.nkey.it\/","name":"Viral","description":"for local communities","potentialAction":[{"@type":"SearchAction","target":{"@type":"EntryPoint","urlTemplate":"https:\/\/viral.nkey.it\/?s={search_term_string}"},"query-input":"required name=search_term_string"}],"inLanguage":"el"},{"@type":"WebPage","@id":"https:\/\/viral.nkey.it\/el\/video\/#webpage","url":"https:\/\/viral.nkey.it\/el\/video\/","name":"VR Video - Viral","isPartOf":{"@id":"https:\/\/viral.nkey.it\/#website"},"datePublished":"2019-07-26T18:00:10+00:00","dateModified":"2022-04-20T09:48:57+00:00","breadcrumb":{"@id":"https:\/\/viral.nkey.it\/el\/video\/#breadcrumb"},"inLanguage":"el","potentialAction":[{"@type":"ReadAction","target":["https:\/\/viral.nkey.it\/el\/video\/"]}]},{"@type":"BreadcrumbList","@id":"https:\/\/viral.nkey.it\/el\/video\/#breadcrumb","itemListElement":[{"@type":"ListItem","position":1,"name":"Home","item":"https:\/\/viral.nkey.it\/el\/"},{"@type":"ListItem","position":2,"name":"VR Video"}]}]}},"_links":{"self":[{"href":"https:\/\/viral.nkey.it\/el\/wp-json\/wp\/v2\/pages\/2715"}],"collection":[{"href":"https:\/\/viral.nkey.it\/el\/wp-json\/wp\/v2\/pages"}],"about":[{"href":"https:\/\/viral.nkey.it\/el\/wp-json\/wp\/v2\/types\/page"}],"author":[{"embeddable":true,"href":"https:\/\/viral.nkey.it\/el\/wp-json\/wp\/v2\/users\/2"}],"replies":[{"embeddable":true,"href":"https:\/\/viral.nkey.it\/el\/wp-json\/wp\/v2\/comments?post=2715"}],"version-history":[{"count":39,"href":"https:\/\/viral.nkey.it\/el\/wp-json\/wp\/v2\/pages\/2715\/revisions"}],"predecessor-version":[{"id":6632,"href":"https:\/\/viral.nkey.it\/el\/wp-json\/wp\/v2\/pages\/2715\/revisions\/6632"}],"wp:attachment":[{"href":"https:\/\/viral.nkey.it\/el\/wp-json\/wp\/v2\/media?parent=2715"}],"curies":[{"name":"wp","href":"https:\/\/api.w.org\/{rel}","templated":true}]}}